{"id":3,"date":"2023-08-01T20:31:34","date_gmt":"2023-08-01T20:31:34","guid":{"rendered":"https:\/\/liberhum.com\/?page_id=3"},"modified":"2023-08-02T05:39:35","modified_gmt":"2023-08-02T05:39:35","slug":"avisoprivacidad","status":"publish","type":"page","link":"https:\/\/liberhum.com\/index.php\/inicio\/avisoprivacidad\/","title":{"rendered":"Aviso de Privacidad"},"content":{"rendered":"\r\n<p>Aviso de privacidad para clientes de Liberhum S.C.<br \/>En cumplimiento con lo dispuesto en la Ley Federal de Protecci\u00f3n de Datos Personales en Posesi\u00f3n de los Particulares (en adelante la Ley), Liberhum S.C. (en adelante Liberhum) ubicado en Avenida Aldama 1724 Ote., colonia Centro, C.P. 27000, en la ciudad de Torre\u00f3n, dentro del estado de Coahuila. Hace constar la responsabilidad del manejo de los datos personales que usted proporcione a fin de ofrecerle nuestros servicios; manteniendo los principios de licitud, consentimiento, informaci\u00f3n, calidad, finalidad, lealtad, proporcionalidad y responsabilidad, previstos en la Ley.<br \/>Los datos personales que ser\u00e1n proporcionados a Liberhum, ya sea mediante redes sociales, correo electr\u00f3nico, call center, p\u00e1gina de internet, whatsapp o en alg\u00fan otro medio de comunicaci\u00f3n, tendr\u00e1n la siguiente finalidad:<br \/>a) Confirmar su identidad para atenderlo (a).<br \/>b) Dar seguimiento a las solicitudes de informe acerca de los servicios proporcionados por Liberhum.<br \/>c) Dar seguimiento a la contrataci\u00f3n de los servicios ofrecidos por Liberhum, desde el portal de internet, correo electr\u00f3nico, redes sociales, call center. Para realizar el tr\u00e1mite pago y facturaci\u00f3n electr\u00f3nica.<br \/>d) El env\u00edo de promociones y programas de trabajo, invitaciones a eventos, encuestas, estudios de mercado y\/o encuestas de satisfacci\u00f3n al cliente; todo en relaci\u00f3n al giro de Liberhum o a los servicios subcontratados por parte del mismo.<br \/>e) Env\u00edo de los resultados de los diagn\u00f3sticos realizados en alguna de nuestras visitas a su establecimiento.<br \/>f) Dar seguimiento a las quejas o solicitudes de aclaraci\u00f3n de informaci\u00f3n contenida en la p\u00e1gina web y redes sociales de Liberhum.<br \/>Sus datos personales podr\u00e1n ser utilizados para ponerse en contacto con usted para darle seguimiento a la solicitud de informaci\u00f3n, promociones, paquetes o servicios prestados por Liberhum. Dar seguimiento a las dudas, quejas o comentarios realizados en cualquiera de los medios antes mencionados. Adem\u00e1s, Liberhum podr\u00e1 utilizar sus datos personales para fines administrativos y para cumplir con cualquier obligaci\u00f3n legal, as\u00ed como para defender o ejercer una demanda, reclamaci\u00f3n, queja o tr\u00e1mite ante alguna autoridad.<br \/>En caso de proporcionar datos personales de otros titulares, manifiesta contar con el permiso de dichos titulares para proporcionar los datos personales y reconoce la obligaci\u00f3n de informar a dicho titular o titulares que ha proporcionado sus datos.<br \/>Los datos proporcionados por usted, cumplen con la finalidad de proporcionarles nuestros servicios. En el caso de que ya no quiera que su informaci\u00f3n se encuentre en nuestra base de datos o desea modificar la informaci\u00f3n debido a un cambio en el n\u00famero de tel\u00e9fono, correo electr\u00f3nico, direcci\u00f3n o alguno de los datos proporcionados, deber\u00e1 enviar un correo a la cuenta contacto@liberhum.com anotando en el asunto el motivo de su correo. De igual forma, si ya no desea recibir correos promocionales o alguna de nuestras promociones, deber\u00e1 enviar un correo a la cuenta antes mencionada solicitando la cancelaci\u00f3n de los env\u00edos.<\/p>\r\n","protected":false},"excerpt":{"rendered":"<p>Aviso de privacidad para clientes de Liberhum S.C.En cumplimiento con lo dispuesto en la Ley Federal de Protecci\u00f3n de Datos Personales en Posesi\u00f3n de los Particulares (en adelante la Ley), Liberhum S.C. (en adelante Liberhum) ubicado en Avenida Aldama 1724 Ote., colonia Centro, C.P. 27000, en la ciudad de Torre\u00f3n, dentro del estado de Coahuila. [&hellip;]<\/p>\n","protected":false},"author":1,"featured_media":0,"parent":21,"menu_order":0,"comment_status":"closed","ping_status":"closed","template":"","meta":{"footnotes":""},"class_list":["post-3","page","type-page","status-publish","hentry"],"_links":{"self":[{"href":"https:\/\/liberhum.com\/index.php\/wp-json\/wp\/v2\/pages\/3","targetHints":{"allow":["GET"]}}],"collection":[{"href":"https:\/\/liberhum.com\/index.php\/wp-json\/wp\/v2\/pages"}],"about":[{"href":"https:\/\/liberhum.com\/index.php\/wp-json\/wp\/v2\/types\/page"}],"author":[{"embeddable":true,"href":"https:\/\/liberhum.com\/index.php\/wp-json\/wp\/v2\/users\/1"}],"replies":[{"embeddable":true,"href":"https:\/\/liberhum.com\/index.php\/wp-json\/wp\/v2\/comments?post=3"}],"version-history":[{"count":2,"href":"https:\/\/liberhum.com\/index.php\/wp-json\/wp\/v2\/pages\/3\/revisions"}],"predecessor-version":[{"id":45,"href":"https:\/\/liberhum.com\/index.php\/wp-json\/wp\/v2\/pages\/3\/revisions\/45"}],"up":[{"embeddable":true,"href":"https:\/\/liberhum.com\/index.php\/wp-json\/wp\/v2\/pages\/21"}],"wp:attachment":[{"href":"https:\/\/liberhum.com\/index.php\/wp-json\/wp\/v2\/media?parent=3"}],"curies":[{"name":"wp","href":"https:\/\/api.w.org\/{rel}","templated":true}]}}